{"id":612,"date":"2019-12-05T15:06:25","date_gmt":"2019-12-05T18:06:25","guid":{"rendered":"https:\/\/terratavares.com.br\/?page_id=612"},"modified":"2026-02-19T23:37:53","modified_gmt":"2026-02-20T02:37:53","slug":"areas-de-atuacao","status":"publish","type":"page","link":"https:\/\/terratavares.com.br\/en\/areas-de-atuacao\/","title":{"rendered":"Practice Areas"},"content":{"rendered":"<div class=\"wpb-content-wrapper\"><p><\/p>\n<p>[vc_row full_width=&#8221;stretch_row_content_no_spaces&#8221; el_id=&#8221;intro-areasdeatuacao&#8221;][vc_column][origgamititulo_box custom_title=&#8221;nao&#8221; title_size=&#8221;&#8221; title_padding_lr=&#8221;&#8221; title_padding_tb=&#8221;&#8221; class_title=&#8221;title-basic&#8221;][vc_row_inner el_class=&#8221;intro-intro&#8221;][vc_column_inner el_class=&#8221;imagem&#8221; width=&#8221;1\/2&#8243;][vc_single_image image=&#8221;9653&#8243; img_size=&#8221;full&#8221; css=&#8221;&#8221;][\/vc_column_inner][vc_column_inner el_class=&#8221;texto&#8221; width=&#8221;1\/2&#8243;][vc_column_text css=&#8221;&#8221;]<\/p>\n<p>Terra Tavares Elias Rosa represents clients in judicial and administrative\u00a0litigation, as well as in arbitral proceedings, in the most diverse areas of Civil, Corporate, Administrative, and Regulatory Law.<\/p>\n<p>In judicial litigation, the Firm has extensive experience in all State and Federal Courts, as well as in Superior Courts, such as the Federal Supreme Court \u2013 STF and the Superior Court of Justice \u2013 STJ.<\/p>\n<p>&nbsp;<\/p>\n<p>[\/vc_column_text][\/vc_column_inner][\/vc_row_inner][vc_column_text css=&#8221;&#8221; el_class=&#8221;texto-centralizado&#8221;]<\/p>\n<p>In addition, its attorneys have participated in arbitration proceedings managed by highly respected Brazilian and international institutions, such as the International Chamber of Commerce (CCI), the Brazil-Canada Chamber of Commerce (CCBC), the Conciliation and Arbitration Chamber of the Get\u00falio Vargas Foundation, the Chamber of Business Arbitration (CAMARB) and the Brazilian Center for Mediation and Arbitration (CBMA).<\/p>\n<p>In the administrative and regulatory fields, the Firm also represents its client\u2019s interests in procedures before the Public Prosecution Office, Class Councils and Regulatory Agencies, sponsoring claims before the Superintendence of Private Insurance (SUSEP), the Brazilian Securities Comission (CVM), the Central Bank of Brazil (BACEN) and the Appelate Court of the Financial System (CRSFN).<\/p>\n<p>[\/vc_column_text][\/vc_column][\/vc_row][vc_row full_width=&#8221;stretch_row_content_no_spaces&#8221; el_id=&#8221;content-areasdeatuacao&#8221;][vc_column el_class=&#8221;boxes&#8221;][vc_row_inner el_class=&#8221;box-area direito-civil&#8221; el_id=&#8221;direitocivil&#8221;][vc_column_inner el_class=&#8221;imagem&#8221; width=&#8221;1\/2&#8243;][vc_single_image image=&#8221;9655&#8243; img_size=&#8221;full&#8221; css=&#8221;&#8221;][\/vc_column_inner][vc_column_inner el_class=&#8221;texto&#8221; width=&#8221;1\/2&#8243;][origgamititulo_box title=&#8221;Private Law&#8221; title_tag=&#8221;h2&#8243; title_size=&#8221;&#8221; title_padding_lr=&#8221;&#8221; title_padding_tb=&#8221;&#8221; title_alignment=&#8221;left&#8221; class_title=&#8221;titulo-area&#8221;][vc_column_text css=&#8221;&#8221;]<\/p>\n<ul>\n<li>Contracts<\/li>\n<li>Tort law<\/li>\n<li>Possessory actions<\/li>\n<li>Real estate<\/li>\n<li>Family and succession law<\/li>\n<li>Personal data protection<\/li>\n<li>Insurance<\/li>\n<li>Consumer law<\/li>\n<li>Supplementary health care<\/li>\n<\/ul>\n<p>[\/vc_column_text][\/vc_column_inner][\/vc_row_inner][vc_row_inner el_class=&#8221;box-area direito-administrativo&#8221; el_id=&#8221;direitoempresarial&#8221;][vc_column_inner el_class=&#8221;imagem&#8221; width=&#8221;1\/2&#8243;][vc_single_image image=&#8221;9657&#8243; img_size=&#8221;full&#8221; css=&#8221;&#8221;][\/vc_column_inner][vc_column_inner el_class=&#8221;texto&#8221; width=&#8221;1\/2&#8243;][origgamititulo_box title=&#8221;Corporate Law&#8221; title_tag=&#8221;h2&#8243; title_size=&#8221;&#8221; title_padding_lr=&#8221;&#8221; title_padding_tb=&#8221;&#8221; title_alignment=&#8221;left&#8221; class_title=&#8221;titulo-area&#8221;][vc_column_text css=&#8221;&#8221;]<\/p>\n<p>\u2022 Bankruptcy and judicial reorganization<br \/>\n\u2022 Corporate disputes<br \/>\n\u2022 Competition law<br \/>\n\u2022 Capital markets<br \/>\n\u2022 Representation before the Securities and Exchange Commission of Brazil (CVM), the Central Bank of Brazil (BACEN), and the National Financial System Appeals Council (CRSFN)<br \/>\n\u2022 Banking law<br \/>\n\u2022 Compliance<\/p>\n<p>[\/vc_column_text][\/vc_column_inner][\/vc_row_inner][vc_row_inner el_class=&#8221;box-area direito-civil&#8221; el_id=&#8221;arbitragens&#8221;][vc_column_inner el_class=&#8221;imagem&#8221; width=&#8221;1\/2&#8243;][vc_single_image image=&#8221;9658&#8243; img_size=&#8221;full&#8221; css=&#8221;&#8221;][\/vc_column_inner][vc_column_inner el_class=&#8221;texto&#8221; width=&#8221;1\/2&#8243;][origgamititulo_box title=&#8221;Arbitration&#8221; title_tag=&#8221;h2&#8243; title_size=&#8221;&#8221; title_padding_lr=&#8221;&#8221; title_padding_tb=&#8221;&#8221; title_alignment=&#8221;left&#8221; class_title=&#8221;titulo-area&#8221;][vc_column_text css=&#8221;&#8221;]<\/p>\n<p>\u2022 Representation in various arbitral institutions, both domestic and international, in complex arbitral proceedings<br \/>\n\u2022 Partners acting as arbitrators<\/p>\n<p>[\/vc_column_text][\/vc_column_inner][\/vc_row_inner][vc_row_inner el_class=&#8221;box-area direito-civil&#8221; el_id=&#8221;direito-publico&#8221;][vc_column_inner el_class=&#8221;imagem&#8221; width=&#8221;1\/2&#8243;][vc_single_image image=&#8221;9648&#8243; img_size=&#8221;full&#8221; css=&#8221;&#8221;][\/vc_column_inner][vc_column_inner el_class=&#8221;texto&#8221; width=&#8221;1\/2&#8243;][origgamititulo_box title=&#8221;Public Law&#8221; title_tag=&#8221;h2&#8243; title_size=&#8221;&#8221; title_padding_lr=&#8221;&#8221; title_padding_tb=&#8221;&#8221; title_alignment=&#8221;left&#8221; class_title=&#8221;titulo-area&#8221;][vc_column_text css=&#8221;&#8221;]<\/p>\n<p>\u2022 Government contracts<br \/>\n\u2022 Audit Courts<br \/>\n\u2022 Concessions<br \/>\n\u2022 Public civil actions<br \/>\n\u2022 Bidding process<br \/>\n\u2022 Tax litigation<br \/>\n\u2022 Constitutional actions<br \/>\n\u2022 Telecommunications law<br \/>\n\u2022 Oil and natural gas<br \/>\n\u2022 Environmental law<br \/>\n\u2022 Data protection<\/p>\n<p>[\/vc_column_text][\/vc_column_inner][\/vc_row_inner][vc_btn title=&#8221;Contact&#8221; align=&#8221;center&#8221; el_class=&#8221;blue-button&#8221; link=&#8221;url:http%3A%2F%2Fwww.terratavares.com.br%2Fen%2Fcontato%2F|title:Contato||&#8221;][\/vc_column][\/vc_row]<\/p>\n<p><\/p>\n<\/div>","protected":false},"excerpt":{"rendered":"<p>[vc_row full_width=&#8221;stretch_row_content_no_spaces&#8221; el_id=&#8221;intro-areasdeatuacao&#8221;][vc_column][origgamititulo_box custom_title=&#8221;nao&#8221; title_size=&#8221;&#8221; title_padding_lr=&#8221;&#8221; title_padding_tb=&#8221;&#8221; class_title=&#8221;title-basic&#8221;][vc_row_inner el_class=&#8221;intro-intro&#8221;][vc_column_inner el_class=&#8221;imagem&#8221; width=&#8221;1\/2&#8243;][vc_single_image image=&#8221;9653&#8243; img_size=&#8221;full&#8221; css=&#8221;&#8221;][\/vc_column_inner][vc_column_inner el_class=&#8221;texto&#8221; width=&#8221;1\/2&#8243;][vc_column_text css=&#8221;&#8221;] Terra Tavares Elias Rosa represents clients in judicial and administrative\u00a0litigation, as well as in arbitral proceedings, in the most diverse areas of Civil, Corporate, Administrative, and Regulatory Law. In judicial litigation, the Firm has extensive experience in all [&hellip;]<\/p>\n","protected":false},"author":2,"featured_media":0,"parent":0,"menu_order":4,"comment_status":"closed","ping_status":"closed","template":"page-templates\/sem-titulo_sem-sidebar.php","meta":{"_acf_changed":false,"footnotes":""},"class_list":["post-612","page","type-page","status-publish","hentry"],"acf":[],"yoast_head":"<!-- This site is optimized with the Yoast SEO plugin v26.8 - https:\/\/yoast.com\/product\/yoast-seo-wordpress\/ -->\n<title>Practice Areas - Terra Tavares Elias Rosa Schenk Araujo Salgado Advogados<\/title>\n<meta name=\"robots\" content=\"index, follow, max-snippet:-1, max-image-preview:large, max-video-preview:-1\" \/>\n<link rel=\"canonical\" href=\"https:\/\/terratavares.com.br\/en\/areas-de-atuacao\/\" \/>\n<meta property=\"og:locale\" content=\"en_US\" \/>\n<meta property=\"og:type\" content=\"article\" \/>\n<meta property=\"og:title\" content=\"[:pb]\u00c1reas de atua\u00e7\u00e3o[:en]Practice Areas[:] - Terra Tavares Elias Rosa Schenk Araujo Salgado Advogados\" \/>\n<meta property=\"og:description\" content=\"[vc_row full_width=&#8221;stretch_row_content_no_spaces&#8221; el_id=&#8221;intro-areasdeatuacao&#8221;][vc_column][origgamititulo_box custom_title=&#8221;nao&#8221; title_size=&#8221;&#8221; title_padding_lr=&#8221;&#8221; title_padding_tb=&#8221;&#8221; class_title=&#8221;title-basic&#8221;][vc_row_inner el_class=&#8221;intro-intro&#8221;][vc_column_inner el_class=&#8221;imagem&#8221; width=&#8221;1\/2&#8243;][vc_single_image image=&#8221;9653&#8243; img_size=&#8221;full&#8221; css=&#8221;&#8221;][\/vc_column_inner][vc_column_inner el_class=&#8221;texto&#8221; width=&#8221;1\/2&#8243;][vc_column_text css=&#8221;&#8221;] Terra Tavares Elias Rosa represents clients in judicial and administrative\u00a0litigation, as well as in arbitral proceedings, in the most diverse areas of Civil, Corporate, Administrative, and Regulatory Law. In judicial litigation, the Firm has extensive experience in all [&hellip;]\" \/>\n<meta property=\"og:url\" content=\"https:\/\/terratavares.com.br\/en\/areas-de-atuacao\/\" \/>\n<meta property=\"og:site_name\" content=\"Terra Tavares Elias Rosa Schenk Araujo Salgado Advogados\" \/>\n<meta property=\"article:modified_time\" content=\"2026-02-20T02:37:53+00:00\" \/>\n<meta name=\"twitter:card\" content=\"summary_large_image\" \/>\n<meta name=\"twitter:label1\" content=\"Est. reading time\" \/>\n\t<meta name=\"twitter:data1\" content=\"5 minutes\" \/>\n<script type=\"application\/ld+json\" class=\"yoast-schema-graph\">{\"@context\":\"https:\/\/schema.org\",\"@graph\":[{\"@type\":\"WebPage\",\"@id\":\"https:\/\/terratavares.com.br\/en\/areas-de-atuacao\/\",\"url\":\"https:\/\/terratavares.com.br\/en\/areas-de-atuacao\/\",\"name\":\"[:pb]\u00c1reas de atua\u00e7\u00e3o[:en]Practice Areas[:] - Terra Tavares Elias Rosa Schenk Araujo Salgado Advogados\",\"isPartOf\":{\"@id\":\"https:\/\/terratavares.com.br\/#website\"},\"datePublished\":\"2019-12-05T18:06:25+00:00\",\"dateModified\":\"2026-02-20T02:37:53+00:00\",\"breadcrumb\":{\"@id\":\"https:\/\/terratavares.com.br\/en\/areas-de-atuacao\/#breadcrumb\"},\"inLanguage\":\"en-US\",\"potentialAction\":[{\"@type\":\"ReadAction\",\"target\":[\"https:\/\/terratavares.com.br\/en\/areas-de-atuacao\/\"]}]},{\"@type\":\"BreadcrumbList\",\"@id\":\"https:\/\/terratavares.com.br\/en\/areas-de-atuacao\/#breadcrumb\",\"itemListElement\":[{\"@type\":\"ListItem\",\"position\":1,\"name\":\"In\u00edcio\",\"item\":\"https:\/\/www.terratavares.com.br\/\"},{\"@type\":\"ListItem\",\"position\":2,\"name\":\"Practice Areas\"}]},{\"@type\":\"WebSite\",\"@id\":\"https:\/\/terratavares.com.br\/#website\",\"url\":\"https:\/\/terratavares.com.br\/\",\"name\":\"Terra Tavares Elias Rosa Schenk Araujo Salgado Advogados\",\"description\":\"\",\"publisher\":{\"@id\":\"https:\/\/terratavares.com.br\/#organization\"},\"potentialAction\":[{\"@type\":\"SearchAction\",\"target\":{\"@type\":\"EntryPoint\",\"urlTemplate\":\"https:\/\/terratavares.com.br\/?s={search_term_string}\"},\"query-input\":{\"@type\":\"PropertyValueSpecification\",\"valueRequired\":true,\"valueName\":\"search_term_string\"}}],\"inLanguage\":\"en-US\"},{\"@type\":\"Organization\",\"@id\":\"https:\/\/terratavares.com.br\/#organization\",\"name\":\"Terra Tavares Elias Rosa Schenk Araujo Salgado Advogados\",\"url\":\"https:\/\/terratavares.com.br\/\",\"logo\":{\"@type\":\"ImageObject\",\"inLanguage\":\"en-US\",\"@id\":\"https:\/\/terratavares.com.br\/#\/schema\/logo\/image\/\",\"url\":\"https:\/\/www.terratavares.com.br\/wp-content\/uploads\/2017\/12\/terratavares.com.br-tterfsar-mvr.png\",\"contentUrl\":\"https:\/\/www.terratavares.com.br\/wp-content\/uploads\/2017\/12\/terratavares.com.br-tterfsar-mvr.png\",\"width\":1228,\"height\":313,\"caption\":\"Terra Tavares Elias Rosa Schenk Araujo Salgado Advogados\"},\"image\":{\"@id\":\"https:\/\/terratavares.com.br\/#\/schema\/logo\/image\/\"},\"sameAs\":[\"https:\/\/pt.linkedin.com\/company\/terra-tavares-ferrari-advogados\"]}]}<\/script>\n<!-- \/ Yoast SEO plugin. -->","yoast_head_json":{"title":"[:pb]\u00c1reas de atua\u00e7\u00e3o[:en]Practice Areas[:] - Terra Tavares Elias Rosa Schenk Araujo Salgado Advogados","robots":{"index":"index","follow":"follow","max-snippet":"max-snippet:-1","max-image-preview":"max-image-preview:large","max-video-preview":"max-video-preview:-1"},"canonical":"https:\/\/terratavares.com.br\/en\/areas-de-atuacao\/","og_locale":"en_US","og_type":"article","og_title":"[:pb]\u00c1reas de atua\u00e7\u00e3o[:en]Practice Areas[:] - Terra Tavares Elias Rosa Schenk Araujo Salgado Advogados","og_description":"[vc_row full_width=&#8221;stretch_row_content_no_spaces&#8221; el_id=&#8221;intro-areasdeatuacao&#8221;][vc_column][origgamititulo_box custom_title=&#8221;nao&#8221; title_size=&#8221;&#8221; title_padding_lr=&#8221;&#8221; title_padding_tb=&#8221;&#8221; class_title=&#8221;title-basic&#8221;][vc_row_inner el_class=&#8221;intro-intro&#8221;][vc_column_inner el_class=&#8221;imagem&#8221; width=&#8221;1\/2&#8243;][vc_single_image image=&#8221;9653&#8243; img_size=&#8221;full&#8221; css=&#8221;&#8221;][\/vc_column_inner][vc_column_inner el_class=&#8221;texto&#8221; width=&#8221;1\/2&#8243;][vc_column_text css=&#8221;&#8221;] Terra Tavares Elias Rosa represents clients in judicial and administrative\u00a0litigation, as well as in arbitral proceedings, in the most diverse areas of Civil, Corporate, Administrative, and Regulatory Law. In judicial litigation, the Firm has extensive experience in all [&hellip;]","og_url":"https:\/\/terratavares.com.br\/en\/areas-de-atuacao\/","og_site_name":"Terra Tavares Elias Rosa Schenk Araujo Salgado Advogados","article_modified_time":"2026-02-20T02:37:53+00:00","twitter_card":"summary_large_image","twitter_misc":{"Est. reading time":"5 minutes"},"schema":{"@context":"https:\/\/schema.org","@graph":[{"@type":"WebPage","@id":"https:\/\/terratavares.com.br\/en\/areas-de-atuacao\/","url":"https:\/\/terratavares.com.br\/en\/areas-de-atuacao\/","name":"[:pb]\u00c1reas de atua\u00e7\u00e3o[:en]Practice Areas[:] - Terra Tavares Elias Rosa Schenk Araujo Salgado Advogados","isPartOf":{"@id":"https:\/\/terratavares.com.br\/#website"},"datePublished":"2019-12-05T18:06:25+00:00","dateModified":"2026-02-20T02:37:53+00:00","breadcrumb":{"@id":"https:\/\/terratavares.com.br\/en\/areas-de-atuacao\/#breadcrumb"},"inLanguage":"en-US","potentialAction":[{"@type":"ReadAction","target":["https:\/\/terratavares.com.br\/en\/areas-de-atuacao\/"]}]},{"@type":"BreadcrumbList","@id":"https:\/\/terratavares.com.br\/en\/areas-de-atuacao\/#breadcrumb","itemListElement":[{"@type":"ListItem","position":1,"name":"In\u00edcio","item":"https:\/\/www.terratavares.com.br\/"},{"@type":"ListItem","position":2,"name":"Practice Areas"}]},{"@type":"WebSite","@id":"https:\/\/terratavares.com.br\/#website","url":"https:\/\/terratavares.com.br\/","name":"Terra Tavares Elias Rosa Schenk Araujo Salgado Advogados","description":"","publisher":{"@id":"https:\/\/terratavares.com.br\/#organization"},"potentialAction":[{"@type":"SearchAction","target":{"@type":"EntryPoint","urlTemplate":"https:\/\/terratavares.com.br\/?s={search_term_string}"},"query-input":{"@type":"PropertyValueSpecification","valueRequired":true,"valueName":"search_term_string"}}],"inLanguage":"en-US"},{"@type":"Organization","@id":"https:\/\/terratavares.com.br\/#organization","name":"Terra Tavares Elias Rosa Schenk Araujo Salgado Advogados","url":"https:\/\/terratavares.com.br\/","logo":{"@type":"ImageObject","inLanguage":"en-US","@id":"https:\/\/terratavares.com.br\/#\/schema\/logo\/image\/","url":"https:\/\/www.terratavares.com.br\/wp-content\/uploads\/2017\/12\/terratavares.com.br-tterfsar-mvr.png","contentUrl":"https:\/\/www.terratavares.com.br\/wp-content\/uploads\/2017\/12\/terratavares.com.br-tterfsar-mvr.png","width":1228,"height":313,"caption":"Terra Tavares Elias Rosa Schenk Araujo Salgado Advogados"},"image":{"@id":"https:\/\/terratavares.com.br\/#\/schema\/logo\/image\/"},"sameAs":["https:\/\/pt.linkedin.com\/company\/terra-tavares-ferrari-advogados"]}]}},"_links":{"self":[{"href":"https:\/\/terratavares.com.br\/en\/wp-json\/wp\/v2\/pages\/612","targetHints":{"allow":["GET"]}}],"collection":[{"href":"https:\/\/terratavares.com.br\/en\/wp-json\/wp\/v2\/pages"}],"about":[{"href":"https:\/\/terratavares.com.br\/en\/wp-json\/wp\/v2\/types\/page"}],"author":[{"embeddable":true,"href":"https:\/\/terratavares.com.br\/en\/wp-json\/wp\/v2\/users\/2"}],"replies":[{"embeddable":true,"href":"https:\/\/terratavares.com.br\/en\/wp-json\/wp\/v2\/comments?post=612"}],"version-history":[{"count":66,"href":"https:\/\/terratavares.com.br\/en\/wp-json\/wp\/v2\/pages\/612\/revisions"}],"predecessor-version":[{"id":9701,"href":"https:\/\/terratavares.com.br\/en\/wp-json\/wp\/v2\/pages\/612\/revisions\/9701"}],"wp:attachment":[{"href":"https:\/\/terratavares.com.br\/en\/wp-json\/wp\/v2\/media?parent=612"}],"curies":[{"name":"wp","href":"https:\/\/api.w.org\/{rel}","templated":true}]}}