{"id":13,"date":"2017-12-31T02:40:47","date_gmt":"2017-12-31T04:40:47","guid":{"rendered":"http:\/\/dev.rluiz.com\/?page_id=13"},"modified":"2026-04-08T18:00:52","modified_gmt":"2026-04-08T21:00:52","slug":"inicio","status":"publish","type":"page","link":"https:\/\/terratavares.com.br\/en\/","title":{"rendered":"In\u00edcio"},"content":{"rendered":"<div class=\"wpb-content-wrapper\"><p><\/p>\n<p>[vc_row full_width=&#8221;stretch_row_content_no_spaces&#8221; el_id=&#8221;slider&#8221;][vc_column][vc_column_text css=&#8221;.vc_custom_1576003535758{margin-bottom: 60px !important;}&#8221;]<\/p>\n\n\n\t<div id=\"home-slider\">\n\t\t<div class=\"content\">\n\n\t\t\t\t\t\t\t\n\t\t\t\t<div class=\"home-slide\">\n\t\t\t\t\t<div class=\"content\">\n\t\t\t\t\t\t<div class=\"infos\">\n\t\t\t\t\t\t\t<div class=\"content\">\n\t\t\t\t\t\t\t\t<p>Terra Tavares Elias Rosa is a boutique Firm focused on strategic civil, judicial, arbitration and administrative litigation, recognized as one of the most admired firms in the country in specialized rankings.<\/p>\n\n\t\t\t\t\t\t\t\t<a href=\"https:\/\/terratavares.com.br\/en\/escritorio\/\">More about the firm.<\/a>\n\t\t\t\t\t\t\t<\/div>\n\t\t\t\t\t\t<\/div>\n\n\t\t\t\t\t\t<div class=\"imagem\">\n\t\t\t\t\t\t\t<div class=\"content\" style=\"background-image: url('https:\/\/terratavares.com.br\/wp-content\/uploads\/2020\/10\/terratavares.com.br-mg-4426-edit-1730x785.jpg');\">\n\t\t\t\t\t\t\t\t\n\t\t\t\t\t\t\t<\/div>\n\t\t\t\t\t\t<\/div>\n\n\t\t\t\t\t<\/div>\n\t\t\t\t<\/div>\n\n\t\t\t\n\t\t<\/div>\n\t<\/div>\n\n\t<div class=\"fake-directions\">\n\t\t<div class=\"fake-left-direction fake-direction\">\n\t\t\t<i class=\"fa fa-long-arrow-left\" aria-hidden=\"true\"><\/i>\n\t\t<\/div>\n\t\t\n\t\t<div class=\"fake-right-direction fake-direction\">\n\t\t\t<i class=\"fa fa-long-arrow-right\" aria-hidden=\"true\"><\/i>\n\t\t<\/div>\n\t<\/div>\n\n\n<p>[\/vc_column_text][\/vc_column][\/vc_row][vc_row el_id=&#8221;sobre&#8221;][vc_column][origgamititulo_box title=&#8221;Our Firm&#8221; title_size=&#8221;&#8221; title_padding_lr=&#8221;&#8221; title_padding_tb=&#8221;&#8221;][vc_column_text css=&#8221;&#8221;]<\/p>\n<p>Terra Tavares Elias Rosa represents clients in judicial and administrative litigation, as well as in arbitral proceedings, in the most diverse areas of Civil, Corporate, Administrative, and Regulatory Law.<\/p>\n<p>With offices in S\u00e3o Paulo and Rio de Janeiro, the Firm is composed of highly qualified lawyers and represents its clients in all States of the Federation or Brazil.<\/p>\n<p>[\/vc_column_text][vc_row_inner equal_height=&#8221;yes&#8221; content_placement=&#8221;middle&#8221; el_id=&#8221;depoimentos-container-mobile&#8221;][vc_column_inner][vc_single_image image=&#8221;9764&#8243; img_size=&#8221;full&#8221; alignment=&#8221;center&#8221; css=&#8221;&#8221;][vc_single_image image=&#8221;9763&#8243; img_size=&#8221;full&#8221; alignment=&#8221;center&#8221; css=&#8221;&#8221;][vc_single_image image=&#8221;9762&#8243; img_size=&#8221;full&#8221; alignment=&#8221;center&#8221; css=&#8221;&#8221;][vc_single_image image=&#8221;9761&#8243; img_size=&#8221;full&#8221; alignment=&#8221;center&#8221; css=&#8221;&#8221;][vc_single_image image=&#8221;9760&#8243; img_size=&#8221;full&#8221; alignment=&#8221;center&#8221; css=&#8221;&#8221;][vc_single_image image=&#8221;9759&#8243; img_size=&#8221;full&#8221; alignment=&#8221;center&#8221; css=&#8221;&#8221;][vc_single_image image=&#8221;9758&#8243; img_size=&#8221;full&#8221; alignment=&#8221;center&#8221; css=&#8221;&#8221;][vc_single_image image=&#8221;9757&#8243; img_size=&#8221;full&#8221; alignment=&#8221;center&#8221; css=&#8221;&#8221;][\/vc_column_inner][\/vc_row_inner][vc_row_inner equal_height=&#8221;yes&#8221; content_placement=&#8221;middle&#8221; el_id=&#8221;depoimentos-container-desktop&#8221;][vc_column_inner][vc_single_image image=&#8221;9776&#8243; img_size=&#8221;full&#8221; alignment=&#8221;center&#8221; css=&#8221;&#8221;][vc_single_image image=&#8221;9775&#8243; img_size=&#8221;full&#8221; alignment=&#8221;center&#8221; css=&#8221;&#8221;][vc_single_image image=&#8221;9774&#8243; img_size=&#8221;full&#8221; alignment=&#8221;center&#8221; css=&#8221;&#8221;][vc_single_image image=&#8221;9773&#8243; img_size=&#8221;full&#8221; alignment=&#8221;center&#8221; css=&#8221;&#8221;][vc_single_image image=&#8221;9772&#8243; img_size=&#8221;full&#8221; alignment=&#8221;center&#8221; css=&#8221;&#8221;][vc_single_image image=&#8221;9771&#8243; img_size=&#8221;full&#8221; alignment=&#8221;center&#8221; css=&#8221;&#8221;][vc_single_image image=&#8221;9770&#8243; img_size=&#8221;full&#8221; alignment=&#8221;center&#8221; css=&#8221;&#8221;][vc_single_image image=&#8221;9769&#8243; img_size=&#8221;full&#8221; alignment=&#8221;center&#8221; css=&#8221;&#8221;][\/vc_column_inner][\/vc_row_inner][vc_row_inner equal_height=&#8221;yes&#8221; content_placement=&#8221;middle&#8221; el_class=&#8221;selos linha2&#8243;][vc_column_inner][vc_single_image image=&#8221;9782&#8243; img_size=&#8221;large&#8221; css=&#8221;&#8221; el_class=&#8221;selo selo-chambers&#8221;][vc_single_image image=&#8221;9786&#8243; img_size=&#8221;large&#8221; css=&#8221;&#8221; el_class=&#8221;selo selo-chambers&#8221;][vc_single_image image=&#8221;8715&#8243; el_class=&#8221;selo&#8221;][vc_single_image image=&#8221;6408&#8243; el_class=&#8221;selo&#8221;][vc_single_image image=&#8221;5110&#8243; el_class=&#8221;selo&#8221;][vc_single_image image=&#8221;8717&#8243; el_class=&#8221;selo&#8221;][\/vc_column_inner][\/vc_row_inner][vc_row_inner equal_height=&#8221;yes&#8221; content_placement=&#8221;middle&#8221; el_class=&#8221;selos linha1&#8243;][vc_column_inner][vc_single_image image=&#8221;9233&#8243; img_size=&#8221;medium&#8221; css=&#8221;&#8221; el_class=&#8221;selo&#8221;][vc_single_image image=&#8221;7546&#8243; img_size=&#8221;medium&#8221; el_class=&#8221;selo&#8221;][vc_single_image image=&#8221;5778&#8243; img_size=&#8221;medium&#8221; el_class=&#8221;selo&#8221;][vc_single_image image=&#8221;4330&#8243; el_class=&#8221;selo&#8221;][vc_single_image image=&#8221;2691&#8243; el_class=&#8221;selo&#8221;][vc_single_image image=&#8221;1424&#8243; img_size=&#8221;medium&#8221; el_class=&#8221;selo&#8221;][\/vc_column_inner][\/vc_row_inner][vc_row_inner equal_height=&#8221;yes&#8221; content_placement=&#8221;middle&#8221; el_class=&#8221;selos linha3&#8243;][vc_column_inner][vc_single_image image=&#8221;9249&#8243; css=&#8221;&#8221; el_class=&#8221;selo&#8221;][vc_single_image image=&#8221;6826&#8243; img_size=&#8221;111&#215;113&#8243; el_class=&#8221;selo&#8221;][vc_single_image image=&#8221;5111&#8243; img_size=&#8221;111&#215;113&#8243; el_class=&#8221;selo&#8221;][vc_single_image image=&#8221;3560&#8243; el_class=&#8221;selo&#8221;][\/vc_column_inner][\/vc_row_inner][ori_button caption=&#8221;Learn more about the firm.&#8221; link=&#8221;\/\/terratavares.com.br\/en\/escritorio\/&#8221; align=&#8221;center&#8221; font_size=&#8221;&#8221; el_class=&#8221;blue-button&#8221;][\/vc_column][\/vc_row][vc_row full_width=&#8221;stretch_row_content&#8221; css=&#8221;.vc_custom_1576177013644{margin-right: 35px !important;margin-left: 35px !important;}&#8221; el_id=&#8221;galeria&#8221;][vc_column el_class=&#8221;galeria-content&#8221;][vc_row_inner el_class=&#8221;linha linha1&#8243;][vc_column_inner el_class=&#8221;imagem w33pc w36-8pc-desktop&#8221; width=&#8221;2\/5&#8243; css=&#8221;.vc_custom_1576728492386{padding-top: 0px !important;padding-right: 0px !important;padding-bottom: 0px !important;padding-left: 0px !important;background-position: center !important;background-repeat: no-repeat !important;background-size: cover !important;}&#8221;][vc_single_image image=&#8221;1746&#8243; img_size=&#8221;736&#215;387&#8243; alignment=&#8221;center&#8221;][\/vc_column_inner][vc_column_inner el_class=&#8221;imagem w33pc w18-4pc-desktop&#8221; width=&#8221;1\/5&#8243; css=&#8221;.vc_custom_1576728573144{padding-top: 0px !important;padding-right: 0px !important;padding-bottom: 0px !important;padding-left: 0px !important;}&#8221;][vc_single_image image=&#8221;9637&#8243; img_size=&#8221;400&#215;421&#8243; alignment=&#8221;center&#8221; css=&#8221;&#8221;][\/vc_column_inner][vc_column_inner el_class=&#8221;imagem w33pc w36-8pc-desktop&#8221; width=&#8221;2\/5&#8243; css=&#8221;.vc_custom_1576728583288{padding-top: 0px !important;padding-right: 0px !important;padding-bottom: 0px !important;padding-left: 0px !important;}&#8221;][vc_single_image image=&#8221;9638&#8243; img_size=&#8221;736&#215;387&#8243; alignment=&#8221;center&#8221; css=&#8221;&#8221;][\/vc_column_inner][\/vc_row_inner][vc_row_inner el_class=&#8221;linha linha2&#8243;][vc_column_inner el_class=&#8221;imagem w66pc w57-2pc-desktop&#8221; width=&#8221;3\/5&#8243; css=&#8221;.vc_custom_1576728905694{padding-top: 0px !important;padding-right: 0px !important;padding-bottom: 0px !important;padding-left: 0px !important;}&#8221;][vc_single_image image=&#8221;9642&#8243; img_size=&#8221;1144&#215;387&#8243; alignment=&#8221;center&#8221; css=&#8221;&#8221;][\/vc_column_inner][vc_column_inner el_class=&#8221;imagem w33pc w36-8pc-desktop&#8221; width=&#8221;2\/5&#8243; css=&#8221;.vc_custom_1576728839672{padding-top: 0px !important;padding-right: 0px !important;padding-bottom: 0px !important;padding-left: 0px !important;}&#8221;][vc_single_image image=&#8221;9640&#8243; img_size=&#8221;736&#215;387&#8243; alignment=&#8221;center&#8221; css=&#8221;&#8221;][\/vc_column_inner][\/vc_row_inner][\/vc_column][\/vc_row][vc_row full_width=&#8221;stretch_row_content_no_spaces&#8221; el_id=&#8221;areasdeatuacao&#8221;][vc_column el_class=&#8221;areasdeatuacao-content&#8221;][origgamititulo_box title=&#8221;Practice Areas&#8221; title_tag=&#8221;h2&#8243; title_size=&#8221;&#8221; title_padding_lr=&#8221;&#8221; title_padding_tb=&#8221;&#8221;][vc_row_inner el_class=&#8221;boxes&#8221;][vc_column_inner el_class=&#8221;box-area direito-civil&#8221; width=&#8221;1\/3&#8243;][origgamititulo_box title=&#8221;Private Law&#8221; title_tag=&#8221;h3&#8243; title_size=&#8221;&#8221; title_padding_lr=&#8221;&#8221; title_padding_tb=&#8221;&#8221; title_alignment=&#8221;left&#8221; class_title=&#8221;titulo-area&#8221;][vc_column_text]<\/p>\n<p>\u2022 Tort Law<br \/>\n\u2022 Contracts<br \/>\n\u2022 Insurance<br \/>\n\u2022 Family<br \/>\n\u2022 Inheritance<\/p>\n<p>\u2022 Real State<br \/>\n\u2022 Consumer&#8217;s Law<br \/>\n\u2022 Estate planning<\/p>\n<p>&nbsp;<\/p>\n<p>[\/vc_column_text][\/vc_column_inner][vc_column_inner el_class=&#8221;box-area direito-empresarial&#8221; width=&#8221;1\/3&#8243;][origgamititulo_box title=&#8221;Business Law&#8221; title_tag=&#8221;h3&#8243; title_size=&#8221;&#8221; title_padding_lr=&#8221;&#8221; title_padding_tb=&#8221;&#8221; title_alignment=&#8221;left&#8221; class_title=&#8221;titulo-area&#8221;][vc_column_text]<\/p>\n<p>\u2022 Corporate<br \/>\n\u2022 Banking and Finance<br \/>\n\u2022 Maritime<br \/>\n\u2022 Bankruptcy, Business Restructuring and Insolvency<br \/>\n\u2022 Competition<\/p>\n<p>[\/vc_column_text][\/vc_column_inner][vc_column_inner el_class=&#8221;box-area direito-administrativo&#8221; width=&#8221;1\/3&#8243;][origgamititulo_box title=&#8221;Administrative and Regulatory Law&#8221; title_tag=&#8221;h3&#8243; title_size=&#8221;&#8221; title_padding_lr=&#8221;&#8221; title_padding_tb=&#8221;&#8221; title_alignment=&#8221;left&#8221; class_title=&#8221;titulo-area&#8221;][vc_column_text]<\/p>\n<p>\u2022 Public Tenders<br \/>\n\u2022 Telecommunications<br \/>\n\u2022 Oil &amp; Gas<br \/>\n\u2022 Environmental<br \/>\n\u2022 Supplementary Health<\/p>\n<p>[\/vc_column_text][\/vc_column_inner][\/vc_row_inner][ori_button caption=&#8221;read more&#8221; link=&#8221;\/\/terratavares.com.br\/en\/areas-de-atuacao\/&#8221; align=&#8221;center&#8221; font_size=&#8221;&#8221; el_class=&#8221;blue-button&#8221;][\/vc_column][\/vc_row]<\/p>\n<p><\/p>\n<\/div>","protected":false},"excerpt":{"rendered":"<p>[vc_row full_width=&#8221;stretch_row_content_no_spaces&#8221; el_id=&#8221;slider&#8221;][vc_column][vc_column_text css=&#8221;.vc_custom_1576003535758{margin-bottom: 60px !important;}&#8221;] [\/vc_column_text][\/vc_column][\/vc_row][vc_row el_id=&#8221;sobre&#8221;][vc_column][origgamititulo_box title=&#8221;Our Firm&#8221; title_size=&#8221;&#8221; title_padding_lr=&#8221;&#8221; title_padding_tb=&#8221;&#8221;][vc_column_text css=&#8221;&#8221;] Terra Tavares Elias Rosa represents clients in judicial and administrative litigation, as well as in arbitral proceedings, in the most diverse areas of Civil, Corporate, Administrative, and Regulatory Law. With offices in S\u00e3o Paulo and Rio de Janeiro, the Firm is [&hellip;]<\/p>\n","protected":false},"author":2,"featured_media":0,"parent":0,"menu_order":0,"comment_status":"closed","ping_status":"closed","template":"page-templates\/sem-titulo_sem-sidebar.php","meta":{"_acf_changed":false,"footnotes":""},"class_list":["post-13","page","type-page","status-publish","hentry"],"acf":[],"yoast_head":"<!-- This site is optimized with the Yoast SEO plugin v26.8 - https:\/\/yoast.com\/product\/yoast-seo-wordpress\/ -->\n<title>Terra Tavares Elias Rosa Schenk Araujo Salgado Advogados<\/title>\n<meta name=\"description\" content=\"Reconhecido como um dos mais admirados do pa\u00eds, o escrit\u00f3rio presta assessoria jur\u00eddica altamente personalizada a cada um de seus clientes.\" \/>\n<meta name=\"robots\" content=\"index, follow, max-snippet:-1, max-image-preview:large, max-video-preview:-1\" \/>\n<link rel=\"canonical\" href=\"https:\/\/www.terratavares.com.br\/\" \/>\n<meta property=\"og:locale\" content=\"en_US\" \/>\n<meta property=\"og:type\" content=\"article\" \/>\n<meta property=\"og:title\" content=\"Terra Tavares Elias Rosa Schenk Araujo Salgado Advogados\" \/>\n<meta property=\"og:description\" content=\"Reconhecido como um dos mais admirados do pa\u00eds, o escrit\u00f3rio presta assessoria jur\u00eddica altamente personalizada a cada um de seus clientes.\" \/>\n<meta property=\"og:url\" content=\"https:\/\/www.terratavares.com.br\/\" \/>\n<meta property=\"og:site_name\" content=\"Terra Tavares Elias Rosa Schenk Araujo Salgado Advogados\" \/>\n<meta property=\"article:modified_time\" content=\"2026-04-08T21:00:52+00:00\" \/>\n<meta name=\"twitter:card\" content=\"summary_large_image\" \/>\n<meta name=\"twitter:label1\" content=\"Est. reading time\" \/>\n\t<meta name=\"twitter:data1\" content=\"6 minutes\" \/>\n<script type=\"application\/ld+json\" class=\"yoast-schema-graph\">{\"@context\":\"https:\/\/schema.org\",\"@graph\":[{\"@type\":\"WebPage\",\"@id\":\"https:\/\/www.terratavares.com.br\/\",\"url\":\"https:\/\/www.terratavares.com.br\/\",\"name\":\"Terra Tavares Elias Rosa Schenk Araujo Salgado Advogados\",\"isPartOf\":{\"@id\":\"https:\/\/terratavares.com.br\/#website\"},\"datePublished\":\"2017-12-31T04:40:47+00:00\",\"dateModified\":\"2026-04-08T21:00:52+00:00\",\"description\":\"Reconhecido como um dos mais admirados do pa\u00eds, o escrit\u00f3rio presta assessoria jur\u00eddica altamente personalizada a cada um de seus clientes.\",\"breadcrumb\":{\"@id\":\"https:\/\/www.terratavares.com.br\/#breadcrumb\"},\"inLanguage\":\"en-US\",\"potentialAction\":[{\"@type\":\"ReadAction\",\"target\":[\"https:\/\/www.terratavares.com.br\/\"]}]},{\"@type\":\"BreadcrumbList\",\"@id\":\"https:\/\/www.terratavares.com.br\/#breadcrumb\",\"itemListElement\":[{\"@type\":\"ListItem\",\"position\":1,\"name\":\"In\u00edcio\",\"item\":\"https:\/\/www.terratavares.com.br\/\"},{\"@type\":\"ListItem\",\"position\":2,\"name\":\"In\u00edcio\"}]},{\"@type\":\"WebSite\",\"@id\":\"https:\/\/terratavares.com.br\/#website\",\"url\":\"https:\/\/terratavares.com.br\/\",\"name\":\"Terra Tavares Elias Rosa Schenk Araujo Salgado Advogados\",\"description\":\"\",\"publisher\":{\"@id\":\"https:\/\/terratavares.com.br\/#organization\"},\"potentialAction\":[{\"@type\":\"SearchAction\",\"target\":{\"@type\":\"EntryPoint\",\"urlTemplate\":\"https:\/\/terratavares.com.br\/?s={search_term_string}\"},\"query-input\":{\"@type\":\"PropertyValueSpecification\",\"valueRequired\":true,\"valueName\":\"search_term_string\"}}],\"inLanguage\":\"en-US\"},{\"@type\":\"Organization\",\"@id\":\"https:\/\/terratavares.com.br\/#organization\",\"name\":\"Terra Tavares Elias Rosa Schenk Araujo Salgado Advogados\",\"url\":\"https:\/\/terratavares.com.br\/\",\"logo\":{\"@type\":\"ImageObject\",\"inLanguage\":\"en-US\",\"@id\":\"https:\/\/terratavares.com.br\/#\/schema\/logo\/image\/\",\"url\":\"https:\/\/www.terratavares.com.br\/wp-content\/uploads\/2017\/12\/terratavares.com.br-tterfsar-mvr.png\",\"contentUrl\":\"https:\/\/www.terratavares.com.br\/wp-content\/uploads\/2017\/12\/terratavares.com.br-tterfsar-mvr.png\",\"width\":1228,\"height\":313,\"caption\":\"Terra Tavares Elias Rosa Schenk Araujo Salgado Advogados\"},\"image\":{\"@id\":\"https:\/\/terratavares.com.br\/#\/schema\/logo\/image\/\"},\"sameAs\":[\"https:\/\/pt.linkedin.com\/company\/terra-tavares-ferrari-advogados\"]}]}<\/script>\n<!-- \/ Yoast SEO plugin. -->","yoast_head_json":{"title":"Terra Tavares Elias Rosa Schenk Araujo Salgado Advogados","description":"Reconhecido como um dos mais admirados do pa\u00eds, o escrit\u00f3rio presta assessoria jur\u00eddica altamente personalizada a cada um de seus clientes.","robots":{"index":"index","follow":"follow","max-snippet":"max-snippet:-1","max-image-preview":"max-image-preview:large","max-video-preview":"max-video-preview:-1"},"canonical":"https:\/\/www.terratavares.com.br\/","og_locale":"en_US","og_type":"article","og_title":"Terra Tavares Elias Rosa Schenk Araujo Salgado Advogados","og_description":"Reconhecido como um dos mais admirados do pa\u00eds, o escrit\u00f3rio presta assessoria jur\u00eddica altamente personalizada a cada um de seus clientes.","og_url":"https:\/\/www.terratavares.com.br\/","og_site_name":"Terra Tavares Elias Rosa Schenk Araujo Salgado Advogados","article_modified_time":"2026-04-08T21:00:52+00:00","twitter_card":"summary_large_image","twitter_misc":{"Est. reading time":"6 minutes"},"schema":{"@context":"https:\/\/schema.org","@graph":[{"@type":"WebPage","@id":"https:\/\/www.terratavares.com.br\/","url":"https:\/\/www.terratavares.com.br\/","name":"Terra Tavares Elias Rosa Schenk Araujo Salgado Advogados","isPartOf":{"@id":"https:\/\/terratavares.com.br\/#website"},"datePublished":"2017-12-31T04:40:47+00:00","dateModified":"2026-04-08T21:00:52+00:00","description":"Reconhecido como um dos mais admirados do pa\u00eds, o escrit\u00f3rio presta assessoria jur\u00eddica altamente personalizada a cada um de seus clientes.","breadcrumb":{"@id":"https:\/\/www.terratavares.com.br\/#breadcrumb"},"inLanguage":"en-US","potentialAction":[{"@type":"ReadAction","target":["https:\/\/www.terratavares.com.br\/"]}]},{"@type":"BreadcrumbList","@id":"https:\/\/www.terratavares.com.br\/#breadcrumb","itemListElement":[{"@type":"ListItem","position":1,"name":"In\u00edcio","item":"https:\/\/www.terratavares.com.br\/"},{"@type":"ListItem","position":2,"name":"In\u00edcio"}]},{"@type":"WebSite","@id":"https:\/\/terratavares.com.br\/#website","url":"https:\/\/terratavares.com.br\/","name":"Terra Tavares Elias Rosa Schenk Araujo Salgado Advogados","description":"","publisher":{"@id":"https:\/\/terratavares.com.br\/#organization"},"potentialAction":[{"@type":"SearchAction","target":{"@type":"EntryPoint","urlTemplate":"https:\/\/terratavares.com.br\/?s={search_term_string}"},"query-input":{"@type":"PropertyValueSpecification","valueRequired":true,"valueName":"search_term_string"}}],"inLanguage":"en-US"},{"@type":"Organization","@id":"https:\/\/terratavares.com.br\/#organization","name":"Terra Tavares Elias Rosa Schenk Araujo Salgado Advogados","url":"https:\/\/terratavares.com.br\/","logo":{"@type":"ImageObject","inLanguage":"en-US","@id":"https:\/\/terratavares.com.br\/#\/schema\/logo\/image\/","url":"https:\/\/www.terratavares.com.br\/wp-content\/uploads\/2017\/12\/terratavares.com.br-tterfsar-mvr.png","contentUrl":"https:\/\/www.terratavares.com.br\/wp-content\/uploads\/2017\/12\/terratavares.com.br-tterfsar-mvr.png","width":1228,"height":313,"caption":"Terra Tavares Elias Rosa Schenk Araujo Salgado Advogados"},"image":{"@id":"https:\/\/terratavares.com.br\/#\/schema\/logo\/image\/"},"sameAs":["https:\/\/pt.linkedin.com\/company\/terra-tavares-ferrari-advogados"]}]}},"_links":{"self":[{"href":"https:\/\/terratavares.com.br\/en\/wp-json\/wp\/v2\/pages\/13","targetHints":{"allow":["GET"]}}],"collection":[{"href":"https:\/\/terratavares.com.br\/en\/wp-json\/wp\/v2\/pages"}],"about":[{"href":"https:\/\/terratavares.com.br\/en\/wp-json\/wp\/v2\/types\/page"}],"author":[{"embeddable":true,"href":"https:\/\/terratavares.com.br\/en\/wp-json\/wp\/v2\/users\/2"}],"replies":[{"embeddable":true,"href":"https:\/\/terratavares.com.br\/en\/wp-json\/wp\/v2\/comments?post=13"}],"version-history":[{"count":234,"href":"https:\/\/terratavares.com.br\/en\/wp-json\/wp\/v2\/pages\/13\/revisions"}],"predecessor-version":[{"id":9788,"href":"https:\/\/terratavares.com.br\/en\/wp-json\/wp\/v2\/pages\/13\/revisions\/9788"}],"wp:attachment":[{"href":"https:\/\/terratavares.com.br\/en\/wp-json\/wp\/v2\/media?parent=13"}],"curies":[{"name":"wp","href":"https:\/\/api.w.org\/{rel}","templated":true}]}}